{"id":109,"date":"2024-03-11T15:08:53","date_gmt":"2024-03-11T14:08:53","guid":{"rendered":"https:\/\/petrternois7vallees.fr\/?page_id=109"},"modified":"2025-05-06T14:23:30","modified_gmt":"2025-05-06T12:23:30","slug":"plan-climat","status":"publish","type":"page","link":"https:\/\/petrternois7vallees.fr\/index.php\/plan-climat\/","title":{"rendered":"Plan Climat"},"content":{"rendered":"<div data-colibri-id=\"109-c1\" class=\"style-676 style-local-109-c1 position-relative\">\n  <!---->\n  <div data-colibri-component=\"section\" data-colibri-id=\"109-c2\" id=\"content\" class=\"h-section h-section-global-spacing d-flex align-items-lg-center align-items-md-center align-items-center style-677 style-local-109-c2 position-relative\">\n    <!---->\n    <!---->\n    <div class=\"h-section-grid-container h-section-boxed-container\">\n      <!---->\n      <div data-colibri-id=\"109-c3\" class=\"h-row-container gutters-row-lg-2 gutters-row-md-2 gutters-row-2 gutters-row-v-lg-2 gutters-row-v-md-2 gutters-row-v-2 style-678 style-local-109-c3 position-relative\">\n        <!---->\n        <div class=\"h-row justify-content-lg-center justify-content-md-center justify-content-center align-items-lg-stretch align-items-md-stretch align-items-stretch gutters-col-lg-2 gutters-col-md-2 gutters-col-2 gutters-col-v-lg-2 gutters-col-v-md-2 gutters-col-v-2\">\n          <!---->\n          <div class=\"h-column h-column-container d-flex h-col-lg-auto h-col-md-auto h-col-auto style-679-outer style-local-109-c4-outer\">\n            <div data-colibri-id=\"109-c4\" class=\"d-flex h-flex-basis h-column__inner h-px-lg-0 h-px-md-2 h-px-0 v-inner-lg-0 v-inner-md-2 v-inner-0 style-679 style-local-109-c4 position-relative\">\n              <!---->\n              <!---->\n              <div class=\"w-100 h-y-container h-column__content h-column__v-align flex-basis-100 align-self-lg-center align-self-md-center align-self-center\">\n                <!---->\n                <div data-colibri-id=\"109-c5\" class=\"d-block style-680 style-local-109-c5 position-relative h-element\">\n                  <!---->\n                  <div class=\"h-image__frame-container-outer\">\n                    <div class=\"h-image__frame-container\">\n                      <!---->\n                      <!---->\n                      <img loading=\"lazy\" decoding=\"async\" width=\"458\" height=\"458\" src=\"https:\/\/petrternois7vallees.fr\/wp-content\/uploads\/2024\/11\/cropped-thumbnail_image002.png\" class=\"wp-image-406 style-680-image style-local-109-c5-image\" alt=\"\" srcset=\"https:\/\/petrternois7vallees.fr\/wp-content\/uploads\/2024\/11\/cropped-thumbnail_image002.png 458w, https:\/\/petrternois7vallees.fr\/wp-content\/uploads\/2024\/11\/cropped-thumbnail_image002-300x300.png 300w, https:\/\/petrternois7vallees.fr\/wp-content\/uploads\/2024\/11\/cropped-thumbnail_image002-150x150.png 150w\" sizes=\"auto, (max-width: 458px) 100vw, 458px\" \/>\n                      <div class=\"h-image__frame h-hide-sm style-680-frameImage style-local-109-c5-frameImage\"><\/div>\n                    <\/div>\n                  <\/div>\n                <\/div>\n              <\/div>\n            <\/div>\n          <\/div>\n          <div class=\"h-column h-column-container d-flex h-col-lg-auto h-col-md-auto h-col-auto style-681-outer style-local-109-c6-outer\">\n            <div data-colibri-id=\"109-c6\" class=\"d-flex h-flex-basis h-column__inner h-px-lg-0 h-px-md-0 h-px-2 v-inner-lg-0 v-inner-md-0 v-inner-2 style-681 style-local-109-c6 position-relative\">\n              <!---->\n              <!---->\n              <div class=\"w-100 h-y-container h-column__content h-column__v-align flex-basis-100 align-self-lg-center align-self-md-center align-self-center\">\n                <!---->\n                <div data-colibri-id=\"109-c7\" class=\"h-row-container gutters-row-lg-0 gutters-row-md-0 gutters-row-2 gutters-row-v-lg-0 gutters-row-v-md-0 gutters-row-v-0 style-683 style-local-109-c7 position-relative\">\n                  <!---->\n                  <div class=\"h-row justify-content-lg-center justify-content-md-center justify-content-center align-items-lg-stretch align-items-md-stretch align-items-stretch gutters-col-lg-0 gutters-col-md-0 gutters-col-2 gutters-col-v-lg-0 gutters-col-v-md-0 gutters-col-v-0\">\n                    <!---->\n                    <div class=\"h-column h-column-container d-flex h-col-lg-auto h-col-md-auto h-col-auto style-686-outer style-local-109-c8-outer\">\n                      <div data-colibri-id=\"109-c8\" class=\"d-flex h-flex-basis h-column__inner h-px-lg-1 h-px-md-1 h-px-1 v-inner-lg-1 v-inner-md-1 v-inner-1 style-686 style-local-109-c8 position-relative\">\n                        <!---->\n                        <!---->\n                        <div class=\"w-100 h-y-container h-column__content h-column__v-align flex-basis-auto align-self-lg-start align-self-md-start align-self-start\">\n                          <!---->\n                          <div data-colibri-id=\"109-c9\" class=\"h-text h-text-component style-688 style-local-109-c9 position-relative h-element\">\n                            <!---->\n                            <!---->\n                            <div class=\"\">\n                              <p><strong>La comp\u00e9tence d\u2019\u00e9laboration du PCAET (Plan Climat Air Energie Territorial) a \u00e9t\u00e9 transf\u00e9r\u00e9e par la Communaut\u00e9 de Communes du Ternois et la Communaut\u00e9 de Communes des 7 vall\u00e9es au PETR Ternois 7 Vall\u00e9es en mars 2018. C\u2019est dans ce contexte que le PETR a lanc\u00e9 d\u00e8s 2019 la mise en \u0153uvre et le suivi de l\u2019\u00e9laboration du PCAET en se dotant d\u2019ing\u00e9nierie interne. L\u2019\u00e9laboration et la r\u00e9daction du PCAET a quant \u00e0 elle \u00e9t\u00e9 confi\u00e9e au bureau d\u2019\u00e9tude AUDDIC\u00c9.<\/strong><\/p>\n                              <p><strong>&nbsp;Le 14 f\u00e9vrier 2022, le comit\u00e9 syndical du PETR Ternois 7 Vall\u00e9es a adopt\u00e9 le PCAET et l\u2019ensemble des documents qui le structurent&nbsp;: le diagnostic territorial, la strat\u00e9gie territoriale, le plan d\u2019actions et l\u2019\u00e9valuation environnementale strat\u00e9gique&nbsp;; l\u2019ensemble de ces \u00e9l\u00e9ments sont disponibles en PDF ci-joint.<\/strong><\/p>\n                              <p><strong>&nbsp;R\u00e8glementairement parlant, le PCAET doit \u00eatre mis \u00e0 jour tous les six ans en s\u2019appuyant sur le dispositif de suivi et d\u2019\u00e9valuation. Cependant, avant l\u2019horizon 2028, une \u00e9valuation \u00e0 mi-parcours sera r\u00e9alis\u00e9e d\u00e8s l\u2019ann\u00e9e 2025, afin de pouvoir juger des r\u00e9sultats obtenus depuis son adoption. Outre cette \u00e9valuation, le PCAET Ternois-7 Vall\u00e9es peut faire \u00e9voluer son programme d\u2019actions en accord avec les organes de gouvernance pr\u00e9vus et tout au long du cycle de vie de ce Plan Climat Air Energie Territorial.<\/strong><\/p>\n                              <p>\n                                <br>\n                              <\/p>\n                            <\/div>\n                          <\/div>\n                        <\/div>\n                      <\/div>\n                    <\/div>\n                  <\/div>\n                <\/div>\n              <\/div>\n            <\/div>\n          <\/div>\n        <\/div>\n      <\/div>\n      <div data-colibri-id=\"109-c10\" class=\"h-row-container gutters-row-lg-2 gutters-row-md-2 gutters-row-0 gutters-row-v-lg-2 gutters-row-v-md-2 gutters-row-v-2 style-691 style-local-109-c10 position-relative\">\n        <!---->\n        <div class=\"h-row justify-content-lg-center justify-content-md-center justify-content-center align-items-lg-stretch align-items-md-stretch align-items-stretch gutters-col-lg-2 gutters-col-md-2 gutters-col-0 gutters-col-v-lg-2 gutters-col-v-md-2 gutters-col-v-2\">\n          <!---->\n          <div class=\"h-column h-column-container d-flex h-col-lg-auto h-col-md-auto h-col-auto style-692-outer style-local-109-c11-outer\">\n            <div data-colibri-id=\"109-c11\" class=\"d-flex h-flex-basis h-column__inner h-px-lg-2 h-px-md-2 h-px-2 v-inner-lg-2 v-inner-md-2 v-inner-2 style-692 style-local-109-c11 position-relative\">\n              <!---->\n              <!---->\n              <div class=\"w-100 h-y-container h-column__content h-column__v-align flex-basis-100 align-self-lg-start align-self-md-start align-self-start\">\n                <!---->\n                <div data-colibri-id=\"109-c12\" class=\"h-x-container style-689 style-local-109-c12 position-relative h-element\">\n                  <!---->\n                  <div class=\"h-x-container-inner style-dynamic-109-c12-group style-689-spacing style-local-109-c12-spacing\"><span class=\"h-button__outer style-690-outer style-local-109-c13-outer d-inline-flex h-element\"><a h-use-smooth-scroll=\"true\" href=\"https:\/\/acrobat.adobe.com\/id\/urn:aaid:sc:EU:dc6977c1-bd99-43c9-bc20-a0f1ee4ba871\" target=\"_blank\"  data-colibri-id=\"109-c13\" class=\"d-flex w-100 align-items-center h-button justify-content-lg-center justify-content-md-center justify-content-center style-690 style-local-109-c13 position-relative\"><!----><!----> <span>diagnostics<\/span><\/a>\n                    <\/span><span class=\"h-button__outer style-690-outer style-local-109-c14-outer d-inline-flex h-element\"><a h-use-smooth-scroll=\"true\" href=\"https:\/\/acrobat.adobe.com\/id\/urn:aaid:sc:EU:4fd2e826-cc91-4bcb-9d82-d51fb8f82bb3\" target=\"_blank\"  data-colibri-id=\"109-c14\" class=\"d-flex w-100 align-items-center h-button justify-content-lg-center justify-content-md-center justify-content-center style-690 style-local-109-c14 position-relative\"><!----><!----> <span>strat\u00e9gie<\/span><\/a>\n                    <\/span><span class=\"h-button__outer style-690-outer style-local-109-c15-outer d-inline-flex h-element\"><a h-use-smooth-scroll=\"true\" href=\"https:\/\/acrobat.adobe.com\/id\/urn:aaid:sc:EU:0ea58588-297b-454f-ae28-bf2b5b2f2180\" target=\"_blank\"  data-colibri-id=\"109-c15\" class=\"d-flex w-100 align-items-center h-button justify-content-lg-center justify-content-md-center justify-content-center style-690 style-local-109-c15 position-relative\"><!----><!----> <span>Plan d&rsquo;actions<\/span><\/a>\n                    <\/span><span class=\"h-button__outer style-690-outer style-local-109-c16-outer d-inline-flex h-element\"><a h-use-smooth-scroll=\"true\" href=\"https:\/\/acrobat.adobe.com\/id\/urn:aaid:sc:EU:19963139-5f0e-4ac7-a16e-bb80404c608f\" target=\"_blank\"  data-colibri-id=\"109-c16\" class=\"d-flex w-100 align-items-center h-button justify-content-lg-center justify-content-md-center justify-content-center style-690 style-local-109-c16 position-relative\"><!----><!----> <span>Rapport environnemental<\/span><\/a>\n                    <\/span><span class=\"h-button__outer style-690-outer style-local-109-c17-outer d-inline-flex h-element\"><a h-use-smooth-scroll=\"true\" href=\"https:\/\/acrobat.adobe.com\/id\/urn:aaid:sc:EU:1692a537-a246-4a52-997c-0c0ba3cd0529\" target=\"_blank\"  data-colibri-id=\"109-c17\" class=\"d-flex w-100 align-items-center h-button justify-content-lg-center justify-content-md-center justify-content-center style-690 style-local-109-c17 position-relative\"><!----><!----> <span>Adoption du PCAET<\/span><\/a>\n                    <\/span>\n                  <\/div>\n                <\/div>\n              <\/div>\n            <\/div>\n          <\/div>\n        <\/div>\n      <\/div>\n    <\/div>\n  <\/div>\n<\/div>","protected":false},"excerpt":{"rendered":"<p>La comp\u00e9tence d\u2019\u00e9laboration du PCAET (Plan Climat Air Energie Territorial) a \u00e9t\u00e9 transf\u00e9r\u00e9e par la Communaut\u00e9 de Communes du Ternois et la Communaut\u00e9 de Communes des 7 vall\u00e9es au PETR Ternois 7 Vall\u00e9es en mars 2018. C\u2019est dans ce contexte que le PETR a lanc\u00e9 d\u00e8s 2019 la mise en \u0153uvre et le suivi de [&hellip;]<\/p>\n","protected":false},"author":1,"featured_media":0,"parent":0,"menu_order":0,"comment_status":"closed","ping_status":"closed","template":"page-templates\/full-width-page.php","meta":{"_monsterinsights_skip_tracking":false,"_monsterinsights_sitenote_active":false,"_monsterinsights_sitenote_note":"","_monsterinsights_sitenote_category":0,"footnotes":""},"class_list":["post-109","page","type-page","status-publish","hentry"],"_links":{"self":[{"href":"https:\/\/petrternois7vallees.fr\/index.php\/wp-json\/wp\/v2\/pages\/109","targetHints":{"allow":["GET"]}}],"collection":[{"href":"https:\/\/petrternois7vallees.fr\/index.php\/wp-json\/wp\/v2\/pages"}],"about":[{"href":"https:\/\/petrternois7vallees.fr\/index.php\/wp-json\/wp\/v2\/types\/page"}],"author":[{"embeddable":true,"href":"https:\/\/petrternois7vallees.fr\/index.php\/wp-json\/wp\/v2\/users\/1"}],"replies":[{"embeddable":true,"href":"https:\/\/petrternois7vallees.fr\/index.php\/wp-json\/wp\/v2\/comments?post=109"}],"version-history":[{"count":4,"href":"https:\/\/petrternois7vallees.fr\/index.php\/wp-json\/wp\/v2\/pages\/109\/revisions"}],"predecessor-version":[{"id":593,"href":"https:\/\/petrternois7vallees.fr\/index.php\/wp-json\/wp\/v2\/pages\/109\/revisions\/593"}],"wp:attachment":[{"href":"https:\/\/petrternois7vallees.fr\/index.php\/wp-json\/wp\/v2\/media?parent=109"}],"curies":[{"name":"wp","href":"https:\/\/api.w.org\/{rel}","templated":true}]}}