{"id":132,"date":"2024-03-11T15:12:47","date_gmt":"2024-03-11T14:12:47","guid":{"rendered":"https:\/\/petrternois7vallees.fr\/?page_id=132"},"modified":"2025-05-09T09:27:28","modified_gmt":"2025-05-09T07:27:28","slug":"deliberations","status":"publish","type":"page","link":"https:\/\/petrternois7vallees.fr\/index.php\/deliberations\/","title":{"rendered":"D\u00e9lib\u00e9rations"},"content":{"rendered":"<div data-colibri-id=\"132-c1\" class=\"style-668 style-local-132-c1 position-relative\">\n  <!---->\n  <div data-colibri-component=\"section\" data-colibri-id=\"132-c2\" id=\"custom\" class=\"h-section h-section-global-spacing d-flex align-items-lg-center align-items-md-center align-items-center style-717 style-local-132-c2 position-relative\">\n    <!---->\n    <!---->\n    <div class=\"h-section-grid-container h-section-boxed-container\">\n      <!---->\n      <div data-colibri-id=\"132-c3\" class=\"h-row-container gutters-row-lg-2 gutters-row-md-2 gutters-row-0 gutters-row-v-lg-2 gutters-row-v-md-2 gutters-row-v-2 style-718 style-local-132-c3 position-relative\">\n        <!---->\n        <div class=\"h-row justify-content-lg-center justify-content-md-center justify-content-center align-items-lg-stretch align-items-md-stretch align-items-stretch gutters-col-lg-2 gutters-col-md-2 gutters-col-0 gutters-col-v-lg-2 gutters-col-v-md-2 gutters-col-v-2\">\n          <!---->\n          <div class=\"h-column h-column-container d-flex h-col-lg-auto h-col-md-auto h-col-auto style-719-outer style-local-132-c4-outer\">\n            <div data-colibri-id=\"132-c4\" class=\"d-flex h-flex-basis h-column__inner h-px-lg-2 h-px-md-2 h-px-2 v-inner-lg-2 v-inner-md-2 v-inner-2 style-719 style-local-132-c4 position-relative\">\n              <!---->\n              <!---->\n              <div class=\"w-100 h-y-container h-column__content h-column__v-align flex-basis-100 align-self-lg-start align-self-md-start align-self-start\">\n                <!---->\n                <div data-colibri-id=\"132-c5\" class=\"h-global-transition-all h-heading style-725 style-local-132-c5 position-relative h-element\">\n                  <!---->\n                  <div class=\"h-heading__outer style-725 style-local-132-c5\">\n                    <!---->\n                    <!---->\n                    <h1 class=\"\">D\u00e9lib\u00e9rations<\/h1>\n                  <\/div>\n                <\/div>\n                <div data-colibri-id=\"132-c6\" class=\"h-x-container style-736 style-local-132-c6 position-relative h-element\">\n                  <!---->\n                  <div class=\"h-x-container-inner style-dynamic-132-c6-group style-736-spacing style-local-132-c6-spacing\"><span class=\"h-button__outer style-737-outer style-local-132-c7-outer d-inline-flex h-element\"><a h-use-smooth-scroll=\"true\" href=\"https:\/\/petrternois7vallees.fr\/wp-content\/uploads\/2025\/05\/DELIB_2025_01_DOB-tampon.pdf\"  data-colibri-id=\"132-c7\" class=\"d-flex w-100 align-items-center h-button justify-content-lg-center justify-content-md-center justify-content-center style-737 style-local-132-c7 position-relative\"><!----><!----> <span>D\u00e9lib\u00e9ration DOB<\/span><\/a>\n                    <\/span><span class=\"h-button__outer style-737-outer style-local-132-c8-outer d-inline-flex h-element\"><a h-use-smooth-scroll=\"true\" href=\"https:\/\/petrternois7vallees.fr\/wp-content\/uploads\/2025\/05\/DELIB_2025_02_COMPTE_ADMINISTRATIF_AFFECTATION_RESULTATS-tampon.pdf\"  data-colibri-id=\"132-c8\" class=\"d-flex w-100 align-items-center h-button justify-content-lg-center justify-content-md-center justify-content-center style-737 style-local-132-c8 position-relative\"><!----><!----> <span>D\u00e9lib\u00e9ration COMPTE ADMINISTRATIF AFFECTATION RESULTATS<\/span><\/a>\n                    <\/span><span class=\"h-button__outer style-737-outer style-local-132-c9-outer d-inline-flex h-element\"><a h-use-smooth-scroll=\"true\" href=\"https:\/\/petrternois7vallees.fr\/wp-content\/uploads\/2025\/05\/DELIB_2025_03_COMPTE_GESTION_2024-tampon-1.pdf\"  data-colibri-id=\"132-c9\" class=\"d-flex w-100 align-items-center h-button justify-content-lg-center justify-content-md-center justify-content-center style-737 style-local-132-c9 position-relative\"><!----><!----> <span>D\u00e9lib\u00e9ration COMPTE GESTION 2024<\/span><\/a>\n                    <\/span><span class=\"h-button__outer style-737-outer style-local-132-c10-outer d-inline-flex h-element\"><a h-use-smooth-scroll=\"true\" href=\"https:\/\/petrternois7vallees.fr\/wp-content\/uploads\/2025\/05\/DELIB_2025_04_FONGIBILITE_CREDITS_M57-tampon.pdf\"  data-colibri-id=\"132-c10\" class=\"d-flex w-100 align-items-center h-button justify-content-lg-center justify-content-md-center justify-content-center style-737 style-local-132-c10 position-relative\"><!----><!----> <span>D\u00e9lib\u00e9ration FONGIBILITE CREDITS M57<\/span><\/a>\n                    <\/span><span class=\"h-button__outer style-737-outer style-local-132-c11-outer d-inline-flex h-element\"><a h-use-smooth-scroll=\"true\" href=\"https:\/\/petrternois7vallees.fr\/wp-content\/uploads\/2025\/05\/5-Deliberation-du-budget-primitif-2025.pdf\"  data-colibri-id=\"132-c11\" class=\"d-flex w-100 align-items-center h-button justify-content-lg-center justify-content-md-center justify-content-center style-737 style-local-132-c11 position-relative\"><!----><!----> <span>D\u00e9lib\u00e9ration du budget primitif 2025<\/span><\/a>\n                    <\/span><span class=\"h-button__outer style-737-outer style-local-132-c36-outer d-inline-flex h-element\"><a h-use-smooth-scroll=\"true\" href=\"https:\/\/petrternois7vallees.fr\/wp-content\/uploads\/2025\/05\/6-Deliberation-participation-des-EPCI-au-budget-du-PETR.pdf\"  data-colibri-id=\"132-c36\" class=\"d-flex w-100 align-items-center h-button justify-content-lg-center justify-content-md-center justify-content-center style-737 style-local-132-c36 position-relative\"><!----><!----> <span>D\u00e9lib\u00e9ration participation des EPCI au budget du PETR<\/span><\/a>\n                    <\/span><span class=\"h-button__outer style-737-outer style-local-132-c37-outer d-inline-flex h-element\"><a h-use-smooth-scroll=\"true\" href=\"https:\/\/petrternois7vallees.fr\/wp-content\/uploads\/2025\/05\/8-Deliberation-adhesion-FDSCOT.pdf\"  data-colibri-id=\"132-c37\" class=\"d-flex w-100 align-items-center h-button justify-content-lg-center justify-content-md-center justify-content-center style-737 style-local-132-c37 position-relative\"><!----><!----> <span>D\u00e9lib\u00e9ration adhesion FDSCOT<\/span><\/a>\n                    <\/span><span class=\"h-button__outer style-737-outer style-local-132-c38-outer d-inline-flex h-element\"><a h-use-smooth-scroll=\"true\" href=\"https:\/\/petrternois7vallees.fr\/wp-content\/uploads\/2025\/05\/9-Deliberation-Adhesion-ANPP.pdf\"  data-colibri-id=\"132-c38\" class=\"d-flex w-100 align-items-center h-button justify-content-lg-center justify-content-md-center justify-content-center style-737 style-local-132-c38 position-relative\"><!----><!----> <span>D\u00e9lib\u00e9ration Adhesion ANPP<\/span><\/a>\n                    <\/span><span class=\"h-button__outer style-737-outer style-local-132-c39-outer d-inline-flex h-element\"><a h-use-smooth-scroll=\"true\" href=\"https:\/\/petrternois7vallees.fr\/wp-content\/uploads\/2025\/05\/10-Deliberation-darret-projet-du-SCoT-Ternois-7-Vallees-1.pdf\"  data-colibri-id=\"132-c39\" class=\"d-flex w-100 align-items-center h-button justify-content-lg-center justify-content-md-center justify-content-center style-737 style-local-132-c39 position-relative\"><!----><!----> <span>D\u00e9lib\u00e9ration d&rsquo;arr\u00eat projet du SCoT Ternois 7 Vall\u00e9es<\/span><\/a>\n                    <\/span><span class=\"h-button__outer style-737-outer style-local-132-c40-outer d-inline-flex h-element\"><a h-use-smooth-scroll=\"true\" href=\"https:\/\/petrternois7vallees.fr\/wp-content\/uploads\/2025\/05\/11-Deliberation-convention-Plantons-le-Decor.pdf\"  data-colibri-id=\"132-c40\" class=\"d-flex w-100 align-items-center h-button justify-content-lg-center justify-content-md-center justify-content-center style-737 style-local-132-c40 position-relative\"><!----><!----> <span>D\u00e9lib\u00e9ration convention Plantons le D\u00e9cor<\/span><\/a>\n                    <\/span>\n                  <\/div>\n                <\/div>\n                <div data-colibri-id=\"132-c12\" class=\"h-text h-text-component style-729 style-local-132-c12 position-relative h-element\">\n                  <!---->\n                  <!---->\n                  <div class=\"\">\n                    <p><span style=\"font-size: 146%; color: rgb(14, 14, 14); font-weight: 600;\">ARCHIVES :<\/span><\/p>\n                  <\/div>\n                <\/div>\n                <div data-colibri-id=\"132-c13\" class=\"h-x-container style-730 style-local-132-c13 position-relative h-element\">\n                  <!---->\n                  <div class=\"h-x-container-inner style-dynamic-132-c13-group style-730-spacing style-local-132-c13-spacing\"><span class=\"h-button__outer style-731-outer style-local-132-c14-outer d-inline-flex h-element\"><a h-use-smooth-scroll=\"true\" href=\"https:\/\/petrternois7vallees.fr\/wp-content\/uploads\/2025\/05\/Delibs-2024.zip\"  data-colibri-id=\"132-c14\" class=\"d-flex w-100 align-items-center h-button justify-content-lg-center justify-content-md-center justify-content-center style-731 style-local-132-c14 position-relative\"><!----><!----> <span>2024<\/span><\/a>\n                    <\/span><span class=\"h-button__outer style-731-outer style-local-132-c15-outer d-inline-flex h-element\"><a h-use-smooth-scroll=\"true\" href=\"https:\/\/petrternois7vallees.fr\/wp-content\/uploads\/2025\/05\/Delibs-2023.zip\"  data-colibri-id=\"132-c15\" class=\"d-flex w-100 align-items-center h-button justify-content-lg-center justify-content-md-center justify-content-center style-731 style-local-132-c15 position-relative\"><!----><!----> <span>2023<\/span><\/a>\n                    <\/span><span class=\"h-button__outer style-731-outer style-local-132-c16-outer d-inline-flex h-element\"><a h-use-smooth-scroll=\"true\" href=\"https:\/\/petrternois7vallees.fr\/wp-content\/uploads\/2025\/05\/Delibs-2022.zip\"  data-colibri-id=\"132-c16\" class=\"d-flex w-100 align-items-center h-button justify-content-lg-center justify-content-md-center justify-content-center style-731 style-local-132-c16 position-relative\"><!----><!----> <span>2022<\/span><\/a>\n                    <\/span><span class=\"h-button__outer style-731-outer style-local-132-c17-outer d-inline-flex h-element\"><a h-use-smooth-scroll=\"true\" href=\"https:\/\/petrternois7vallees.fr\/wp-content\/uploads\/2025\/05\/Delibs-2021.zip\"  data-colibri-id=\"132-c17\" class=\"d-flex w-100 align-items-center h-button justify-content-lg-center justify-content-md-center justify-content-center style-731 style-local-132-c17 position-relative\"><!----><!----> <span>2021<\/span><\/a>\n                    <\/span><span class=\"h-button__outer style-731-outer style-local-132-c18-outer d-inline-flex h-element\"><a h-use-smooth-scroll=\"true\" href=\"https:\/\/petrternois7vallees.fr\/wp-content\/uploads\/2025\/05\/Delibs-2020.zip\"  data-colibri-id=\"132-c18\" class=\"d-flex w-100 align-items-center h-button justify-content-lg-center justify-content-md-center justify-content-center style-731 style-local-132-c18 position-relative\"><!----><!----> <span>2020<\/span><\/a>\n                    <\/span><span class=\"h-button__outer style-731-outer style-local-132-c19-outer d-inline-flex h-element\"><a h-use-smooth-scroll=\"true\" href=\"https:\/\/petrternois7vallees.fr\/wp-content\/uploads\/2025\/05\/Delibs-2019.zip\"  data-colibri-id=\"132-c19\" class=\"d-flex w-100 align-items-center h-button justify-content-lg-center justify-content-md-center justify-content-center style-731 style-local-132-c19 position-relative\"><!----><!----> <span>2019<\/span><\/a>\n                    <\/span><span class=\"h-button__outer style-731-outer style-local-132-c20-outer d-inline-flex h-element\"><a h-use-smooth-scroll=\"true\" href=\"https:\/\/petrternois7vallees.fr\/wp-content\/uploads\/2025\/05\/Delibs-2018.zip\"  data-colibri-id=\"132-c20\" class=\"d-flex w-100 align-items-center h-button justify-content-lg-center justify-content-md-center justify-content-center style-731 style-local-132-c20 position-relative\"><!----><!----> <span>2018<\/span><\/a>\n                    <\/span><span class=\"h-button__outer style-731-outer style-local-132-c21-outer d-inline-flex h-element\"><a h-use-smooth-scroll=\"true\" href=\"https:\/\/petrternois7vallees.fr\/wp-content\/uploads\/2025\/05\/Deliberations-2017.zip\"  data-colibri-id=\"132-c21\" class=\"d-flex w-100 align-items-center h-button justify-content-lg-center justify-content-md-center justify-content-center style-731 style-local-132-c21 position-relative\"><!----><!----> <span>2017<\/span><\/a>\n                    <\/span>\n                  <\/div>\n                <\/div>\n              <\/div>\n            <\/div>\n          <\/div>\n          <div class=\"h-column h-column-container d-flex h-col-lg-auto h-col-md-auto h-col-auto style-720-outer style-local-132-c22-outer\">\n            <div data-colibri-id=\"132-c22\" class=\"d-flex h-flex-basis h-column__inner h-px-lg-2 h-px-md-2 h-px-2 v-inner-lg-2 v-inner-md-2 v-inner-2 style-720 style-local-132-c22 position-relative\">\n              <!---->\n              <!---->\n              <div class=\"w-100 h-y-container h-column__content h-column__v-align flex-basis-100 align-self-lg-start align-self-md-start align-self-start\">\n                <!---->\n                <div data-colibri-id=\"132-c23\" class=\"h-global-transition-all h-heading style-725 style-local-132-c23 position-relative h-element\">\n                  <!---->\n                  <div class=\"h-heading__outer style-725 style-local-132-c23\">\n                    <!---->\n                    <!---->\n                    <h1 class=\"\">Proc\u00e8s-verbal<\/h1>\n                  <\/div>\n                <\/div>\n                <div data-colibri-id=\"132-c24\" class=\"h-x-container style-734 style-local-132-c24 position-relative h-element\">\n                  <!---->\n                  <div class=\"h-x-container-inner style-dynamic-132-c24-group style-734-spacing style-local-132-c24-spacing\"><span class=\"h-button__outer style-735-outer style-local-132-c25-outer d-inline-flex h-element\"><a h-use-smooth-scroll=\"true\" href=\"https:\/\/petrternois7vallees.fr\/wp-content\/uploads\/2025\/05\/PV-CS-28-fevrier-2025-.pdf\"  data-colibri-id=\"132-c25\" class=\"d-flex w-100 align-items-center h-button justify-content-lg-center justify-content-md-center justify-content-center style-735 style-local-132-c25 position-relative\"><!----><!----> <span>Comit\u00e9 syndical 28\/02\/25<\/span><\/a>\n                    <\/span>\n                  <\/div>\n                <\/div>\n                <div data-colibri-id=\"132-c26\" class=\"h-text h-text-component style-729 style-local-132-c26 position-relative h-element\">\n                  <!---->\n                  <!---->\n                  <div class=\"\">\n                    <p><span style=\"font-size: 146%; color: rgb(14, 14, 14); font-weight: 600;\">ARCHIVES :&nbsp;<\/span><\/p>\n                  <\/div>\n                <\/div>\n                <div data-colibri-id=\"132-c27\" class=\"h-x-container style-732 style-local-132-c27 position-relative h-element\">\n                  <!---->\n                  <div class=\"h-x-container-inner style-dynamic-132-c27-group style-732-spacing style-local-132-c27-spacing\"><span class=\"h-button__outer style-733-outer style-local-132-c28-outer d-inline-flex h-element\"><a h-use-smooth-scroll=\"true\" href=\"https:\/\/petrternois7vallees.fr\/wp-content\/uploads\/2025\/05\/PV-2024.zip\"  data-colibri-id=\"132-c28\" class=\"d-flex w-100 align-items-center h-button justify-content-lg-center justify-content-md-center justify-content-center style-733 style-local-132-c28 position-relative\"><!----><!----> <span>2024<\/span><\/a>\n                    <\/span><span class=\"h-button__outer style-733-outer style-local-132-c29-outer d-inline-flex h-element\"><a h-use-smooth-scroll=\"true\" href=\"https:\/\/petrternois7vallees.fr\/wp-content\/uploads\/2025\/05\/PV-2023.zip\"  data-colibri-id=\"132-c29\" class=\"d-flex w-100 align-items-center h-button justify-content-lg-center justify-content-md-center justify-content-center style-733 style-local-132-c29 position-relative\"><!----><!----> <span>2023<\/span><\/a>\n                    <\/span><span class=\"h-button__outer style-733-outer style-local-132-c30-outer d-inline-flex h-element\"><a h-use-smooth-scroll=\"true\" href=\"https:\/\/petrternois7vallees.fr\/wp-content\/uploads\/2025\/05\/PV-2022.zip\"  data-colibri-id=\"132-c30\" class=\"d-flex w-100 align-items-center h-button justify-content-lg-center justify-content-md-center justify-content-center style-733 style-local-132-c30 position-relative\"><!----><!----> <span>2022<\/span><\/a>\n                    <\/span><span class=\"h-button__outer style-733-outer style-local-132-c31-outer d-inline-flex h-element\"><a h-use-smooth-scroll=\"true\" href=\"https:\/\/petrternois7vallees.fr\/wp-content\/uploads\/2025\/05\/PV-2021.zip\"  data-colibri-id=\"132-c31\" class=\"d-flex w-100 align-items-center h-button justify-content-lg-center justify-content-md-center justify-content-center style-733 style-local-132-c31 position-relative\"><!----><!----> <span>2021<\/span><\/a>\n                    <\/span><span class=\"h-button__outer style-733-outer style-local-132-c32-outer d-inline-flex h-element\"><a h-use-smooth-scroll=\"true\" href=\"https:\/\/petrternois7vallees.fr\/wp-content\/uploads\/2025\/05\/PV-2020.zip\"  data-colibri-id=\"132-c32\" class=\"d-flex w-100 align-items-center h-button justify-content-lg-center justify-content-md-center justify-content-center style-733 style-local-132-c32 position-relative\"><!----><!----> <span>2020<\/span><\/a>\n                    <\/span><span class=\"h-button__outer style-733-outer style-local-132-c33-outer d-inline-flex h-element\"><a h-use-smooth-scroll=\"true\" href=\"https:\/\/petrternois7vallees.fr\/wp-content\/uploads\/2025\/05\/PV-2019.zip\"  data-colibri-id=\"132-c33\" class=\"d-flex w-100 align-items-center h-button justify-content-lg-center justify-content-md-center justify-content-center style-733 style-local-132-c33 position-relative\"><!----><!----> <span>2019<\/span><\/a>\n                    <\/span><span class=\"h-button__outer style-733-outer style-local-132-c34-outer d-inline-flex h-element\"><a h-use-smooth-scroll=\"true\" href=\"https:\/\/petrternois7vallees.fr\/wp-content\/uploads\/2025\/05\/PV2018.zip\"  data-colibri-id=\"132-c34\" class=\"d-flex w-100 align-items-center h-button justify-content-lg-center justify-content-md-center justify-content-center style-733 style-local-132-c34 position-relative\"><!----><!----> <span>2018<\/span><\/a>\n                    <\/span><span class=\"h-button__outer style-733-outer style-local-132-c35-outer d-inline-flex h-element\"><a h-use-smooth-scroll=\"true\" href=\"https:\/\/petrternois7vallees.fr\/wp-content\/uploads\/2025\/05\/PV-2017.zip\"  data-colibri-id=\"132-c35\" class=\"d-flex w-100 align-items-center h-button justify-content-lg-center justify-content-md-center justify-content-center style-733 style-local-132-c35 position-relative\"><!----><!----> <span>2017<\/span><\/a>\n                    <\/span>\n                  <\/div>\n                <\/div>\n              <\/div>\n            <\/div>\n          <\/div>\n        <\/div>\n      <\/div>\n    <\/div>\n  <\/div>\n<\/div>","protected":false},"excerpt":{"rendered":"<p>D\u00e9lib\u00e9rations D\u00e9lib\u00e9ration DOB D\u00e9lib\u00e9ration COMPTE ADMINISTRATIF AFFECTATION RESULTATS D\u00e9lib\u00e9ration COMPTE GESTION 2024 D\u00e9lib\u00e9ration FONGIBILITE CREDITS M57 D\u00e9lib\u00e9ration du budget primitif 2025 D\u00e9lib\u00e9ration participation des EPCI au budget du PETR D\u00e9lib\u00e9ration adhesion FDSCOT D\u00e9lib\u00e9ration Adhesion ANPP D\u00e9lib\u00e9ration d&rsquo;arr\u00eat projet du SCoT Ternois 7 Vall\u00e9es D\u00e9lib\u00e9ration convention Plantons le D\u00e9cor ARCHIVES : 2024 2023 2022 2021 2020 [&hellip;]<\/p>\n","protected":false},"author":1,"featured_media":0,"parent":0,"menu_order":0,"comment_status":"closed","ping_status":"closed","template":"page-templates\/full-width-page.php","meta":{"_monsterinsights_skip_tracking":false,"_monsterinsights_sitenote_active":false,"_monsterinsights_sitenote_note":"","_monsterinsights_sitenote_category":0,"footnotes":""},"class_list":["post-132","page","type-page","status-publish","hentry"],"_links":{"self":[{"href":"https:\/\/petrternois7vallees.fr\/index.php\/wp-json\/wp\/v2\/pages\/132","targetHints":{"allow":["GET"]}}],"collection":[{"href":"https:\/\/petrternois7vallees.fr\/index.php\/wp-json\/wp\/v2\/pages"}],"about":[{"href":"https:\/\/petrternois7vallees.fr\/index.php\/wp-json\/wp\/v2\/types\/page"}],"author":[{"embeddable":true,"href":"https:\/\/petrternois7vallees.fr\/index.php\/wp-json\/wp\/v2\/users\/1"}],"replies":[{"embeddable":true,"href":"https:\/\/petrternois7vallees.fr\/index.php\/wp-json\/wp\/v2\/comments?post=132"}],"version-history":[{"count":18,"href":"https:\/\/petrternois7vallees.fr\/index.php\/wp-json\/wp\/v2\/pages\/132\/revisions"}],"predecessor-version":[{"id":715,"href":"https:\/\/petrternois7vallees.fr\/index.php\/wp-json\/wp\/v2\/pages\/132\/revisions\/715"}],"wp:attachment":[{"href":"https:\/\/petrternois7vallees.fr\/index.php\/wp-json\/wp\/v2\/media?parent=132"}],"curies":[{"name":"wp","href":"https:\/\/api.w.org\/{rel}","templated":true}]}}