{"id":79,"date":"2024-03-11T15:05:58","date_gmt":"2024-03-11T14:05:58","guid":{"rendered":"https:\/\/petrternois7vallees.fr\/?page_id=79"},"modified":"2026-04-02T11:21:47","modified_gmt":"2026-04-02T09:21:47","slug":"territoire","status":"publish","type":"page","link":"https:\/\/petrternois7vallees.fr\/index.php\/territoire\/","title":{"rendered":"Territoire"},"content":{"rendered":"<div data-colibri-id=\"79-c1\" class=\"style-636 style-local-79-c1 position-relative\">\n  <!---->\n  <div data-colibri-component=\"section\" data-colibri-id=\"79-c2\" id=\"custom\" class=\"h-section h-section-global-spacing d-flex align-items-lg-center align-items-md-center align-items-center style-637 style-local-79-c2 position-relative\">\n    <!---->\n    <!---->\n    <div class=\"h-section-grid-container h-section-boxed-container\">\n      <!---->\n      <div data-colibri-id=\"79-c3\" class=\"h-row-container gutters-row-lg-2 gutters-row-md-2 gutters-row-0 gutters-row-v-lg-2 gutters-row-v-md-2 gutters-row-v-2 style-662 style-local-79-c3 position-relative\">\n        <!---->\n        <div class=\"h-row justify-content-lg-center justify-content-md-center justify-content-center align-items-lg-stretch align-items-md-stretch align-items-stretch gutters-col-lg-2 gutters-col-md-2 gutters-col-0 gutters-col-v-lg-2 gutters-col-v-md-2 gutters-col-v-2\">\n          <!---->\n          <div class=\"h-column h-column-container d-flex h-col-lg-auto h-col-md-auto h-col-auto style-663-outer style-local-79-c4-outer\">\n            <div data-colibri-id=\"79-c4\" class=\"d-flex h-flex-basis h-column__inner h-px-lg-2 h-px-md-2 h-px-2 v-inner-lg-2 v-inner-md-2 v-inner-2 style-663 style-local-79-c4 position-relative\">\n              <!---->\n              <!---->\n              <div class=\"w-100 h-y-container h-column__content h-column__v-align flex-basis-100 align-self-lg-start align-self-md-start align-self-start\">\n                <!---->\n                <div data-colibri-component=\"tabs\" data-colibri-id=\"79-c5\" class=\"h-tabs h-tabs-horizontal h-tabs--horizontal--auto-lg h-tabs--horizontal--auto-md h-tabs--horizontal--full h-tabs h-tabs-horizontal h-tabs--horizontal--auto-lg h-tabs--horizontal--auto-md h-tabs--horizontal--full style-655 style-local-79-c5 position-relative h-element\">\n                  <!---->\n                  <div class=\"h-tabs-navigation d-flex h-tabs-navigation-horizontal\">\n                    <a href=\"#scot-du-pays-du-ternois\" class=\"h-tabs-navigation-item d-flex align-items-center h-global-transition h-tabs-navigation-active-item h-custom-active-state\" rel=\"#scot-du-pays-du-ternois\">\n                      <!----><span class=\"h-tabs-navigation-item__text\">SCoT du Pays du Ternois<\/span><\/a>\n                    <a href=\"#scot-ternois-7-vallees\" class=\"h-tabs-navigation-item d-flex align-items-center h-global-transition\" rel=\"#scot-ternois-7-vallees\">\n                      <!----><span class=\"h-tabs-navigation-item__text\">SCoT Ternois 7 Vall\u00e9es<\/span><\/a>\n                  <\/div>\n                  <div id=\"scot-du-pays-du-ternois\" skip-smooth-scroll=\"true\" skip-scroll-spy=\"true\" data-colibri-id=\"79-c6\" class=\"h-tabs-item-content h-tabs-item h-tabs-content-horizontal h-tabs-content-79-c6 style-656 style-local-79-c6 position-relative h-element h-tabs-content-active\">\n                    <!---->\n                    <div class=\"w-100 h-y-container\">\n                      <!---->\n                      <div data-colibri-id=\"79-c7\" class=\"h-global-transition-all h-heading style-645 style-local-79-c7 position-relative h-element\">\n                        <!---->\n                        <div class=\"h-heading__outer style-645 style-local-79-c7\">\n                          <!---->\n                          <!---->\n                          <h1 class=\"\">Sch\u00e9ma de coh\u00e9rence territoriale :<\/h1>\n                        <\/div>\n                      <\/div>\n                      <div data-colibri-id=\"79-c8\" class=\"h-x-container style-646 style-local-79-c8 position-relative h-element\">\n                        <!---->\n                        <div class=\"h-x-container-inner style-dynamic-79-c8-group style-646-spacing style-local-79-c8-spacing\"><span class=\"h-button__outer style-648-outer style-local-79-c9-outer d-inline-flex h-element\"><a h-use-smooth-scroll=\"true\" href=\"https:\/\/petrternois7vallees.fr\/wp-content\/uploads\/2024\/09\/Livre1_RP_approuve.pdf\" data-fancybox=\"section-group-uRJYgTBTc9hywSqfoNERDY\"  data-colibri-id=\"79-c9\" class=\"d-flex w-100 align-items-center h-button justify-content-lg-center justify-content-md-center justify-content-center style-648 style-local-79-c9 position-relative\"><!----><!----> <span>Livre 1 : rapport de pr\u00e9sentation du SCoT du Pays du Ternois<\/span><\/a>\n                          <\/span><span class=\"h-button__outer style-649-outer style-local-79-c10-outer d-inline-flex h-element\"><a h-use-smooth-scroll=\"true\" href=\"https:\/\/petrternois7vallees.fr\/wp-content\/uploads\/2024\/09\/Livre2_PADD_approuve.pdf\" target=\"_blank\"  data-colibri-id=\"79-c10\" class=\"d-flex w-100 align-items-center h-button justify-content-lg-center justify-content-md-center justify-content-center style-649 style-local-79-c10 position-relative\"><!----><!----> <span>Livre 2 : Projet d&rsquo;am\u00e9nagement et de d\u00e9veloppement durable du SCoT du Pays du Ternois<\/span><\/a>\n                          <\/span><span class=\"h-button__outer style-650-outer style-local-79-c11-outer d-inline-flex h-element\"><a h-use-smooth-scroll=\"true\" href=\"https:\/\/petrternois7vallees.fr\/wp-content\/uploads\/2024\/09\/Livre3_DOO_approuve.pdf\" target=\"_blank\"  data-colibri-id=\"79-c11\" class=\"d-flex w-100 align-items-center h-button justify-content-lg-center justify-content-md-center justify-content-center style-650 style-local-79-c11 position-relative\"><!----><!----> <span>Livre 3 : Document d&rsquo;orientations et d&rsquo;objectifs du SCoT du Pays du Ternois<\/span><\/a>\n                          <\/span><span class=\"h-button__outer style-650-outer style-local-79-c12-outer d-inline-flex h-element\"><a h-use-smooth-scroll=\"true\" href=\"https:\/\/petrternois7vallees.fr\/wp-content\/uploads\/2024\/09\/DELIB_2016_approbation_SCOT_Ternois.pdf\" target=\"_blank\"  data-colibri-id=\"79-c12\" class=\"d-flex w-100 align-items-center h-button justify-content-lg-center justify-content-md-center justify-content-center style-650 style-local-79-c12 position-relative\"><!----><!----> <span>D\u00e9lib\u00e9ration du SCot du Pays du Ternois<\/span><\/a>\n                          <\/span>\n                        <\/div>\n                      <\/div>\n                    <\/div>\n                  <\/div>\n                  <div id=\"scot-ternois-7-vallees\" skip-smooth-scroll=\"true\" skip-scroll-spy=\"true\" data-colibri-id=\"79-c13\" class=\"h-tabs-item-content h-tabs-item h-tabs-content-horizontal h-tabs-content-79-c13 style-658 style-local-79-c13 position-relative h-element hide\">\n                    <!---->\n                    <div class=\"w-100 h-y-container\">\n                      <!---->\n                      <div data-colibri-id=\"79-c14\" class=\"h-x-container style-665 style-local-79-c14 position-relative h-element\">\n                        <!---->\n                        <div class=\"h-x-container-inner style-dynamic-79-c14-group style-665-spacing style-local-79-c14-spacing\"><span class=\"h-button__outer style-738-outer style-local-79-c15-outer d-inline-flex h-element\"><a h-use-smooth-scroll=\"true\" href=\"https:\/\/petrternois7vallees.fr\/wp-content\/uploads\/2025\/08\/Arrete-V3-.pdf\"  data-colibri-id=\"79-c15\" class=\"d-flex w-100 align-items-center h-button justify-content-lg-center justify-content-md-center justify-content-center style-738 style-local-79-c15 position-relative\"><!----><!----> <span>Arr\u00eat\u00e9<\/span><\/a>\n                          <\/span><span class=\"h-button__outer style-739-outer style-local-79-c16-outer d-inline-flex h-element\"><a h-use-smooth-scroll=\"true\" href=\"https:\/\/petrternois7vallees.fr\/wp-content\/uploads\/2025\/08\/Avis-denquete-publique-SCOT-A3_.pdf\"  data-colibri-id=\"79-c16\" class=\"d-flex w-100 align-items-center h-button justify-content-lg-center justify-content-md-center justify-content-center style-739 style-local-79-c16 position-relative\"><!----><!----> <span>Avis d&rsquo;enqu\u00eate publique SCOT<\/span><\/a>\n                          <\/span><span class=\"h-button__outer style-740-outer style-local-79-c17-outer d-inline-flex h-element\"><a h-use-smooth-scroll=\"true\" href=\"https:\/\/ccvcsp.sharepoint.com\/sites\/Info_Public\/_layouts\/15\/guestaccess.aspx?share=EtSf0bok_IVNvwzOsdxrHzwBz6B_gvNsguKsRasu_nFePw\"  data-colibri-id=\"79-c17\" class=\"d-flex w-100 align-items-center h-button justify-content-lg-center justify-content-md-center justify-content-center style-740 style-local-79-c17 position-relative\"><!----><!----> <span>AVIS PPA ET PPC<\/span><\/a>\n                          <\/span><span class=\"h-button__outer style-667-outer style-local-79-c18-outer d-inline-flex h-element\"><a h-use-smooth-scroll=\"true\" href=\"https:\/\/petrternois7vallees.fr\/wp-content\/uploads\/2025\/05\/1.-Deliberation-Initiale-SCoT-Ternois7Vallees.pdf\" target=\"_blank\"  data-colibri-id=\"79-c18\" class=\"d-flex w-100 align-items-center h-button justify-content-lg-center justify-content-md-center justify-content-center style-667 style-local-79-c18 position-relative\"><!----><!----> <span>D\u00e9lib\u00e9ration Initiale SCoT<\/span><\/a>\n                          <\/span><span class=\"h-button__outer style-667-outer style-local-79-c19-outer d-inline-flex h-element\"><a h-use-smooth-scroll=\"true\" href=\"https:\/\/petrternois7vallees.fr\/wp-content\/uploads\/2026\/03\/1.-Diagnostic-Territorial.pdf\" target=\"_blank\"  data-colibri-id=\"79-c19\" class=\"d-flex w-100 align-items-center h-button justify-content-lg-center justify-content-md-center justify-content-center style-667 style-local-79-c19 position-relative\"><!----><!----> <span>Diagnostic Territorial<\/span><\/a>\n                          <\/span><span class=\"h-button__outer style-667-outer style-local-79-c20-outer d-inline-flex h-element\"><a h-use-smooth-scroll=\"true\" href=\"https:\/\/petrternois7vallees.fr\/wp-content\/uploads\/2026\/03\/2.-Projet-dAmenagement-Strategique.pdf\" target=\"_blank\"  data-colibri-id=\"79-c20\" class=\"d-flex w-100 align-items-center h-button justify-content-lg-center justify-content-md-center justify-content-center style-667 style-local-79-c20 position-relative\"><!----><!----> <span>Projet d&rsquo;Am\u00e9nagement Strat\u00e9gique<\/span><\/a>\n                          <\/span><span class=\"h-button__outer style-667-outer style-local-79-c21-outer d-inline-flex h-element\"><a h-use-smooth-scroll=\"true\" href=\"https:\/\/petrternois7vallees.fr\/wp-content\/uploads\/2026\/03\/3.-Document-dOrientations-et-dObjectifs.pdf\" target=\"_blank\"  data-colibri-id=\"79-c21\" class=\"d-flex w-100 align-items-center h-button justify-content-lg-center justify-content-md-center justify-content-center style-667 style-local-79-c21 position-relative\"><!----><!----> <span>Document d&rsquo;Orientations et d&rsquo;Objectifs <\/span><\/a>\n                          <\/span><span class=\"h-button__outer style-667-outer style-local-79-c22-outer d-inline-flex h-element\"><a h-use-smooth-scroll=\"true\" href=\"https:\/\/petrternois7vallees.fr\/wp-content\/uploads\/2026\/03\/4.-EE_SCoT_rapport_environnemental_version-approbation.pdf\" target=\"_blank\"  data-colibri-id=\"79-c22\" class=\"d-flex w-100 align-items-center h-button justify-content-lg-center justify-content-md-center justify-content-center style-667 style-local-79-c22 position-relative\"><!----><!----> <span>Rapport Environnemental<\/span><\/a>\n                          <\/span><span class=\"h-button__outer style-667-outer style-local-79-c23-outer d-inline-flex h-element\"><a h-use-smooth-scroll=\"true\" href=\"https:\/\/petrternois7vallees.fr\/wp-content\/uploads\/2026\/03\/5.-EE_SCoT_resume-non-technique_version-approbation.pdf\" target=\"_blank\"  data-colibri-id=\"79-c23\" class=\"d-flex w-100 align-items-center h-button justify-content-lg-center justify-content-md-center justify-content-center style-667 style-local-79-c23 position-relative\"><!----><!----> <span>R\u00e9sum\u00e9 non technique<\/span><\/a>\n                          <\/span><span class=\"h-button__outer style-667-outer style-local-79-c24-outer d-inline-flex h-element\"><a h-use-smooth-scroll=\"true\" href=\"https:\/\/petrternois7vallees.fr\/wp-content\/uploads\/2026\/03\/6.-Etat-Initial-de-lEnvironnement.pdf\" target=\"_blank\"  data-colibri-id=\"79-c24\" class=\"d-flex w-100 align-items-center h-button justify-content-lg-center justify-content-md-center justify-content-center style-667 style-local-79-c24 position-relative\"><!----><!----> <span>Etat initial de l&rsquo;environnement<\/span><\/a>\n                          <\/span><span class=\"h-button__outer style-667-outer style-local-79-c25-outer d-inline-flex h-element\"><a h-use-smooth-scroll=\"true\" href=\"https:\/\/petrternois7vallees.fr\/wp-content\/uploads\/2026\/03\/7.-Justification-des-choix-retenus.pdf\" target=\"_blank\"  data-colibri-id=\"79-c25\" class=\"d-flex w-100 align-items-center h-button justify-content-lg-center justify-content-md-center justify-content-center style-667 style-local-79-c25 position-relative\"><!----><!----> <span>Justification des choix retenus<\/span><\/a>\n                          <\/span><span class=\"h-button__outer style-667-outer style-local-79-c26-outer d-inline-flex h-element\"><a h-use-smooth-scroll=\"true\" href=\"https:\/\/petrternois7vallees.fr\/wp-content\/uploads\/2026\/03\/8.-Indicateurs-devaluation.pdf\" target=\"_blank\"  data-colibri-id=\"79-c26\" class=\"d-flex w-100 align-items-center h-button justify-content-lg-center justify-content-md-center justify-content-center style-667 style-local-79-c26 position-relative\"><!----><!----> <span>Indicateurs d&rsquo;Evaluation<\/span><\/a>\n                          <\/span><span class=\"h-button__outer style-667-outer style-local-79-c27-outer d-inline-flex h-element\"><a h-use-smooth-scroll=\"true\" href=\"https:\/\/petrternois7vallees.fr\/wp-content\/uploads\/2026\/03\/9.-Bilan-de-la-concertation.pdf\" target=\"_blank\"  data-colibri-id=\"79-c27\" class=\"d-flex w-100 align-items-center h-button justify-content-lg-center justify-content-md-center justify-content-center style-667 style-local-79-c27 position-relative\"><!----><!----> <span>Bilan de la Concertation<\/span><\/a>\n                          <\/span><span class=\"h-button__outer style-667-outer style-local-79-c29-outer d-inline-flex h-element\"><a h-use-smooth-scroll=\"true\" href=\"https:\/\/petrternois7vallees.fr\/wp-content\/uploads\/2025\/05\/10-Deliberation-darret-projet-du-SCoT-Ternois-7-Vallees.pdf\" target=\"_blank\"  data-colibri-id=\"79-c29\" class=\"d-flex w-100 align-items-center h-button justify-content-lg-center justify-content-md-center justify-content-center style-667 style-local-79-c29 position-relative\"><!----><!----> <span>D\u00e9lib\u00e9ration d&rsquo;arr\u00eat projet<\/span><\/a>\n                          <\/span><span class=\"h-button__outer style-667-outer style-local-79-c28-outer d-inline-flex h-element\"><a h-use-smooth-scroll=\"true\" href=\"https:\/\/petrternois7vallees.fr\/wp-content\/uploads\/2026\/03\/10.DELIB_2026_02_Approbation_SCOT_T7V_TAMPON.pdf\" target=\"_blank\"  data-colibri-id=\"79-c28\" class=\"d-flex w-100 align-items-center h-button justify-content-lg-center justify-content-md-center justify-content-center style-667 style-local-79-c28 position-relative\"><!----><!----> <span>D\u00e9lib\u00e9ration approbation du SCOT<\/span><\/a>\n                          <\/span>\n                        <\/div>\n                      <\/div>\n                      <div data-colibri-id=\"79-c30\" class=\"h-global-transition-all h-heading style-754 style-local-79-c30 position-relative h-element\">\n                        <!---->\n                        <div class=\"h-heading__outer style-754 style-local-79-c30\">\n                          <!---->\n                          <!---->\n                          <h5 class=\"\">Rapports et conclusions de l\u2019enqu\u00eate publique :&nbsp;<\/h5>\n                        <\/div>\n                      <\/div>\n                      <div data-colibri-id=\"79-c31\" class=\"h-x-container style-755 style-local-79-c31 position-relative h-element\">\n                        <!---->\n                        <div class=\"h-x-container-inner style-dynamic-79-c31-group style-755-spacing style-local-79-c31-spacing\"><span class=\"h-button__outer style-756-outer style-local-79-c32-outer d-inline-flex h-element\"><a h-use-smooth-scroll=\"true\" href=\"https:\/\/petrternois7vallees.fr\/wp-content\/uploads\/2026\/02\/E25_76_3_03_11_rapport-deroulement.pdf\" target=\"_blank\"  data-colibri-id=\"79-c32\" class=\"d-flex w-100 align-items-center h-button justify-content-lg-center justify-content-md-center justify-content-center style-756 style-local-79-c32 position-relative\"><!----><!----> <span>Rapport sur le d\u00e9roulement<\/span><\/a>\n                          <\/span><span class=\"h-button__outer style-756-outer style-local-79-c33-outer d-inline-flex h-element\"><a h-use-smooth-scroll=\"true\" href=\"https:\/\/petrternois7vallees.fr\/wp-content\/uploads\/2026\/02\/complements-YWPDFG_E25_76_CPLT_6_12_25_Conc-avis-SCoT-Ternois-7-Vallees-.pdf\" target=\"_blank\"  data-colibri-id=\"79-c33\" class=\"d-flex w-100 align-items-center h-button justify-content-lg-center justify-content-md-center justify-content-center style-756 style-local-79-c33 position-relative\"><!----><!----> <span>Conclusions et Avis<\/span><\/a>\n                          <\/span>\n                        <\/div>\n                      <\/div>\n                    <\/div>\n                  <\/div>\n                <\/div>\n              <\/div>\n            <\/div>\n          <\/div>\n        <\/div>\n      <\/div>\n    <\/div>\n  <\/div>\n<\/div>","protected":false},"excerpt":{"rendered":"<p>SCoT du Pays du Ternois SCoT Ternois 7 Vall\u00e9es Sch\u00e9ma de coh\u00e9rence territoriale : Livre 1 : rapport de pr\u00e9sentation du SCoT du Pays du Ternois Livre 2 : Projet d&rsquo;am\u00e9nagement et de d\u00e9veloppement durable du SCoT du Pays du Ternois Livre 3 : Document d&rsquo;orientations et d&rsquo;objectifs du SCoT du Pays du Ternois D\u00e9lib\u00e9ration [&hellip;]<\/p>\n","protected":false},"author":1,"featured_media":0,"parent":0,"menu_order":0,"comment_status":"closed","ping_status":"closed","template":"page-templates\/full-width-page.php","meta":{"_monsterinsights_skip_tracking":false,"_monsterinsights_sitenote_active":false,"_monsterinsights_sitenote_note":"","_monsterinsights_sitenote_category":0,"footnotes":""},"class_list":["post-79","page","type-page","status-publish","hentry"],"_links":{"self":[{"href":"https:\/\/petrternois7vallees.fr\/index.php\/wp-json\/wp\/v2\/pages\/79","targetHints":{"allow":["GET"]}}],"collection":[{"href":"https:\/\/petrternois7vallees.fr\/index.php\/wp-json\/wp\/v2\/pages"}],"about":[{"href":"https:\/\/petrternois7vallees.fr\/index.php\/wp-json\/wp\/v2\/types\/page"}],"author":[{"embeddable":true,"href":"https:\/\/petrternois7vallees.fr\/index.php\/wp-json\/wp\/v2\/users\/1"}],"replies":[{"embeddable":true,"href":"https:\/\/petrternois7vallees.fr\/index.php\/wp-json\/wp\/v2\/comments?post=79"}],"version-history":[{"count":20,"href":"https:\/\/petrternois7vallees.fr\/index.php\/wp-json\/wp\/v2\/pages\/79\/revisions"}],"predecessor-version":[{"id":866,"href":"https:\/\/petrternois7vallees.fr\/index.php\/wp-json\/wp\/v2\/pages\/79\/revisions\/866"}],"wp:attachment":[{"href":"https:\/\/petrternois7vallees.fr\/index.php\/wp-json\/wp\/v2\/media?parent=79"}],"curies":[{"name":"wp","href":"https:\/\/api.w.org\/{rel}","templated":true}]}}