{"id":80,"date":"2024-03-11T15:05:58","date_gmt":"2024-03-11T14:05:58","guid":{"rendered":"https:\/\/petrternois7vallees.fr\/?page_id=80"},"modified":"2024-04-17T10:44:43","modified_gmt":"2024-04-17T08:44:43","slug":"president","status":"publish","type":"page","link":"https:\/\/petrternois7vallees.fr\/index.php\/president\/","title":{"rendered":"President"},"content":{"rendered":"<div data-colibri-id=\"80-c1\" class=\"style-228 style-local-80-c1 position-relative\">\n  <!---->\n  <div data-colibri-component=\"section\" data-colibri-id=\"80-c2\" id=\"custom\" class=\"h-section h-section-global-spacing d-flex align-items-lg-center align-items-md-center align-items-center style-229 style-local-80-c2 position-relative\">\n    <!---->\n    <!---->\n    <div class=\"h-separator\" style=\"height: 100px; bottom: calc(0px);\">\n      <svg style=\"fill:rgb(25, 23, 24);\" xmlns=\"http:\/\/www.w3.org\/2000\/svg\" viewBox=\"0 0 1000 100\" preserveAspectRatio=\"none\">\n        <path class=\"svg-white-bg\" d=\"M737.9,94.7L0,0v100h1000V0L737.9,94.7z\"><\/path>\n      <\/svg>\n    <\/div>\n    <div class=\"h-section-grid-container h-section-boxed-container\">\n      <!---->\n      <div data-colibri-id=\"80-c3\" class=\"h-row-container gutters-row-lg-2 gutters-row-md-2 gutters-row-0 gutters-row-v-lg-2 gutters-row-v-md-2 gutters-row-v-2 style-230 style-local-80-c3 position-relative\">\n        <!---->\n        <div class=\"h-row justify-content-lg-center justify-content-md-center justify-content-center align-items-lg-stretch align-items-md-stretch align-items-stretch gutters-col-lg-2 gutters-col-md-2 gutters-col-0 gutters-col-v-lg-2 gutters-col-v-md-2 gutters-col-v-2\">\n          <!---->\n          <div class=\"h-column h-column-container d-flex h-col-lg-auto h-col-md-auto h-col-auto style-231-outer style-local-80-c4-outer\">\n            <div data-colibri-id=\"80-c4\" class=\"d-flex h-flex-basis h-column__inner h-px-lg-2 h-px-md-2 h-px-2 v-inner-lg-2 v-inner-md-2 v-inner-2 style-231 style-local-80-c4 position-relative\">\n              <!---->\n              <!---->\n              <div class=\"w-100 h-y-container h-column__content h-column__v-align flex-basis-100 align-self-lg-start align-self-md-start align-self-start\">\n                <!---->\n                <div data-colibri-id=\"80-c6\" class=\"h-text h-text-component style-233 style-local-80-c6 position-relative h-element\">\n                  <!---->\n                  <!---->\n                  <div class=\"\">\n                    <p><span style=\"color: rgb(0, 0, 0);\">Con\u00e7u dans la continuit\u00e9 des Pays du Ternois et des 7 Vall\u00e9es, le P\u00f4le d\u2019Equilibre Territorial et Rural (PETR) Ternois 7 Vall\u00e9es a \u00e9t\u00e9 cr\u00e9\u00e9 officiellement par arr\u00eat\u00e9 pr\u00e9fectoral le 8 juin 2017. <\/span><\/p>\n                    <p><strong style=\"color: rgb(3, 133, 121);\">Quelles sont les instances du PETR ?<\/strong><\/p>\n                    <ul>\n                      <li><strong style=\"color: rgb(0, 0, 0);\">Un Pr\u00e9sident, <\/strong><span style=\"color: rgb(0, 0, 0);\">M. Claude Bachelet, <\/span><em style=\"color: rgb(0, 0, 0);\">Maire de Croisette<\/em><\/li>\n                      <li><strong style=\"color: rgb(0, 0, 0);\">Deux Vice-pr\u00e9sidents, <\/strong><span style=\"color: rgb(0, 0, 0);\">M. Marc Bridoux, <\/span><em style=\"color: rgb(0, 0, 0);\">Pr\u00e9sident de Ternois Com <\/em><span style=\"color: rgb(0, 0, 0);\">et M.<\/span><\/li>\n                      <li><span style=\"color: rgb(0, 0, 0);\">Matthieu Demoncheaux, <\/span><em style=\"color: rgb(0, 0, 0);\">Pr\u00e9sident de 7 Vall\u00e9es Comm <\/em><span style=\"color: rgb(0, 0, 0);\">;<\/span><\/li>\n                      <li><strong style=\"color: rgb(0, 0, 0);\">Le Comit\u00e9 Syndical, <\/strong><span style=\"color: rgb(0, 0, 0);\">constitu\u00e9 de 36 membres, d\u00e9sign\u00e9s \u00e0 parts \u00e9gales<\/span><\/li>\n                      <li><span style=\"color: rgb(0, 0, 0);\">par Ternois Com et 7 Vall\u00e9es Comm ;<\/span><\/li>\n                      <li><strong style=\"color: rgb(0, 0, 0);\">Le Bureau Syndical, <\/strong><span style=\"color: rgb(0, 0, 0);\">compos\u00e9 de 12 membres d\u00e9sign\u00e9s par le Comit\u00e9 ;<\/span><\/li>\n                      <li><strong style=\"color: rgb(0, 0, 0);\">La Conf\u00e9rence des Maires, <\/strong><span style=\"color: rgb(0, 0, 0);\">qui r\u00e9unit l\u2019ensemble des maires du PETR ;<\/span><\/li>\n                      <li><strong style=\"color: rgb(0, 0, 0);\">Le Conseil de D\u00e9veloppement, <\/strong><span style=\"color: rgb(0, 0, 0);\">instance consultative r\u00e9unissant les repr\u00e9sentants de la soci\u00e9t\u00e9 civile.<\/span><\/li>\n                    <\/ul>\n                    <p><span style=\"color: rgb(0, 0, 0);\">Le P\u00f4le d\u2019Equilibre Territorial et Rural \u00e9labore le projet d\u2019am\u00e9nagement et de d\u00e9veloppement \u00e9conomique, \u00e9cologique, culturel et social de son territoire, afin de promouvoir un mod\u00e8le de d\u00e9veloppement durable et d\u2019en am\u00e9liorer la comp\u00e9titivit\u00e9, l\u2019attraction et la coh\u00e9sion. Il permet notamment de mutualiser les moyens des collectivit\u00e9s, de proposer des strat\u00e9gies de d\u00e9veloppement, de coordonner les actions et les projets \u00e0 l\u2019\u00e9chelle d\u2019un bassin de vie, et de promouvoir le territoire.<\/span><\/p>\n                    <p><span style=\"color: rgb(3, 133, 121); font-weight: 700;\">Le fonctionnement du PETR&nbsp;:<\/span><\/p>\n                    <ul>\n                      <li><strong style=\"color: rgb(0, 0, 0);\">Le Comit\u00e9 Syndical<\/strong><span style=\"color: rgb(0, 0, 0);\"> est constitu\u00e9 de 36 membres, 18 membres pour la Communaut\u00e9 de Communes des 7 Vall\u00e9es et 18 membres pour la Communaut\u00e9 de Communes du Ternois. Les Pr\u00e9sidents des Conseils de D\u00e9veloppement du Ternois et des 7 Vall\u00e9es sont associ\u00e9s \u00e0 titre consultatif aux comit\u00e9s syndicaux&nbsp;;<\/span><\/li>\n                      <li><strong style=\"color: rgb(0, 0, 0);\">Le Bureau Syndical<\/strong><span style=\"color: rgb(0, 0, 0);\"> est compos\u00e9 de 12 membres&nbsp;;<\/span><\/li>\n                      <li><strong style=\"color: rgb(0, 0, 0);\">La Conf\u00e9rence des Maires<\/strong><span style=\"color: rgb(0, 0, 0);\"> qui r\u00e9unit l\u2019ensemble des maires du PETR&nbsp;;<\/span><\/li>\n                      <li><strong style=\"color: rgb(0, 0, 0);\">Le Conseil de D\u00e9veloppement<\/strong><span style=\"color: rgb(0, 0, 0);\">, instance consultative r\u00e9unissant les repr\u00e9sentants des milieux \u00e9conomiques, sociaux, culturels, \u00e9ducatifs, scientifiques, environnementaux et associatifs.<\/span><\/li>\n                    <\/ul>\n                  <\/div>\n                <\/div>\n              <\/div>\n            <\/div>\n          <\/div>\n          <div class=\"h-column h-column-container d-flex h-col-lg-auto h-col-md-auto h-col-auto style-232-outer style-local-80-c5-outer\">\n            <div data-colibri-id=\"80-c5\" class=\"d-flex h-flex-basis h-column__inner h-px-lg-2 h-px-md-2 h-px-2 v-inner-lg-2 v-inner-md-2 v-inner-2 style-232 style-local-80-c5 position-relative\">\n              <!---->\n              <!---->\n              <div class=\"w-100 h-y-container h-column__content h-column__v-align flex-basis-100 align-self-lg-start align-self-md-start align-self-start\">\n                <!---->\n                <div data-colibri-id=\"80-c7\" class=\"d-block style-234 style-local-80-c7 position-relative h-element\">\n                  <!---->\n                  <div class=\"h-image__frame-container-outer\">\n                    <div class=\"h-image__frame-container\">\n                      <!---->\n                      <!---->\n                      <img loading=\"lazy\" decoding=\"async\" width=\"800\" height=\"1200\" src=\"https:\/\/petrternois7vallees.fr\/wp-content\/uploads\/2024\/04\/Monsieur-Bachelet.jpg\" class=\"wp-image-178 style-234-image style-local-80-c7-image\" alt=\"\" srcset=\"https:\/\/petrternois7vallees.fr\/wp-content\/uploads\/2024\/04\/Monsieur-Bachelet.jpg 800w, https:\/\/petrternois7vallees.fr\/wp-content\/uploads\/2024\/04\/Monsieur-Bachelet-200x300.jpg 200w, https:\/\/petrternois7vallees.fr\/wp-content\/uploads\/2024\/04\/Monsieur-Bachelet-683x1024.jpg 683w, https:\/\/petrternois7vallees.fr\/wp-content\/uploads\/2024\/04\/Monsieur-Bachelet-768x1152.jpg 768w\" sizes=\"auto, (max-width: 800px) 100vw, 800px\" \/>\n                      <div class=\"h-image__frame h-hide-lg h-hide-md h-hide-sm style-234-frameImage style-local-80-c7-frameImage\"><\/div>\n                    <\/div>\n                  <\/div>\n                <\/div>\n                <div data-colibri-id=\"80-c8\" class=\"h-text h-text-component style-235 style-local-80-c8 position-relative h-element\">\n                  <!---->\n                  <!---->\n                  <div class=\"\">\n                    <p><span style=\"font-weight: 600; color: rgb(3, 133, 121);\">Monsieur Claude BACHELET Pr\u00e9sident du Petr<\/span><\/p>\n                  <\/div>\n                <\/div>\n              <\/div>\n            <\/div>\n          <\/div>\n        <\/div>\n      <\/div>\n    <\/div>\n  <\/div>\n<\/div>","protected":false},"excerpt":{"rendered":"<p>Con\u00e7u dans la continuit\u00e9 des Pays du Ternois et des 7 Vall\u00e9es, le P\u00f4le d\u2019Equilibre Territorial et Rural (PETR) Ternois 7 Vall\u00e9es a \u00e9t\u00e9 cr\u00e9\u00e9 officiellement par arr\u00eat\u00e9 pr\u00e9fectoral le 8 juin 2017. Quelles sont les instances du PETR ? Un Pr\u00e9sident, M. Claude Bachelet, Maire de Croisette Deux Vice-pr\u00e9sidents, M. Marc Bridoux, Pr\u00e9sident de [&hellip;]<\/p>\n","protected":false},"author":1,"featured_media":0,"parent":0,"menu_order":0,"comment_status":"closed","ping_status":"closed","template":"page-templates\/full-width-page.php","meta":{"_monsterinsights_skip_tracking":false,"_monsterinsights_sitenote_active":false,"_monsterinsights_sitenote_note":"","_monsterinsights_sitenote_category":0,"footnotes":""},"class_list":["post-80","page","type-page","status-publish","hentry"],"_links":{"self":[{"href":"https:\/\/petrternois7vallees.fr\/index.php\/wp-json\/wp\/v2\/pages\/80","targetHints":{"allow":["GET"]}}],"collection":[{"href":"https:\/\/petrternois7vallees.fr\/index.php\/wp-json\/wp\/v2\/pages"}],"about":[{"href":"https:\/\/petrternois7vallees.fr\/index.php\/wp-json\/wp\/v2\/types\/page"}],"author":[{"embeddable":true,"href":"https:\/\/petrternois7vallees.fr\/index.php\/wp-json\/wp\/v2\/users\/1"}],"replies":[{"embeddable":true,"href":"https:\/\/petrternois7vallees.fr\/index.php\/wp-json\/wp\/v2\/comments?post=80"}],"version-history":[{"count":2,"href":"https:\/\/petrternois7vallees.fr\/index.php\/wp-json\/wp\/v2\/pages\/80\/revisions"}],"predecessor-version":[{"id":180,"href":"https:\/\/petrternois7vallees.fr\/index.php\/wp-json\/wp\/v2\/pages\/80\/revisions\/180"}],"wp:attachment":[{"href":"https:\/\/petrternois7vallees.fr\/index.php\/wp-json\/wp\/v2\/media?parent=80"}],"curies":[{"name":"wp","href":"https:\/\/api.w.org\/{rel}","templated":true}]}}